{"id":43,"date":"2023-04-19T22:53:57","date_gmt":"2023-04-19T22:53:57","guid":{"rendered":"http:\/\/miscelanea.es\/?page_id=43"},"modified":"2024-02-02T18:04:21","modified_gmt":"2024-02-02T18:04:21","slug":"publicaciones","status":"publish","type":"page","link":"https:\/\/old.miscelanea.es\/index.php\/publicaciones\/","title":{"rendered":"Publicaciones"},"content":{"rendered":"\n<p>A continuaci\u00f3n algunas publicaciones en las que he colaborado de una u otra forma. Tambi\u00e9n puedes consultar las publicaciones en <a rel=\"noreferrer noopener\" href=\"https:\/\/independent.academia.edu\/FernandoMu%C3%B1ozVillarejo\" data-type=\"URL\" data-id=\"https:\/\/independent.academia.edu\/FernandoMu%C3%B1ozVillarejo\" target=\"_blank\">academia.edu<\/a>, en <a rel=\"noreferrer noopener\" href=\"https:\/\/scholar.google.com\/citations?hl=es&amp;user=1Ti9g9wAAAAJ\" data-type=\"URL\" data-id=\"https:\/\/scholar.google.com\/citations?hl=es&amp;user=1Ti9g9wAAAAJ\" target=\"_blank\">google acad\u00e9mico<\/a>, en <a rel=\"noreferrer noopener\" href=\"https:\/\/www.researchgate.net\/profile\/Fernando-Munoz-Villarejo\" data-type=\"URL\" data-id=\"https:\/\/www.researchgate.net\/profile\/Fernando-Munoz-Villarejo\" target=\"_blank\">researchgate<\/a>, o en <a rel=\"noreferrer noopener\" href=\"https:\/\/dialnet.unirioja.es\/servlet\/autor?codigo=277427\" data-type=\"URL\" data-id=\"https:\/\/dialnet.unirioja.es\/servlet\/autor?codigo=277427\" target=\"_blank\">dialnet<\/a>:<\/p>\n\n\n\n<p>2023<\/p>\n\n\n\n<ul class=\"wp-block-list\">\n<li>Marcos Herr\u00e1n, Francisco Javier y Fernando A. Mu\u00f1oz Villarejo. \u00ab<a href=\"https:\/\/oppidum.es\/oppidum-19\/opp19.06_marcos-munoz_vidrios.romanos.procedentes.del.vertedero.pdf\">Vidrios romanos procedentes del vertedero suroriental extramuros de la Legio VII (Le\u00f3n)<\/a>.\u00bb Oppidum Cuadernos de Investigaci\u00f3n 19: 101-131 IE Universidad, Segovia<\/li>\n<\/ul>\n\n\n\n<p>2022<\/p>\n\n\n\n<ul class=\"wp-block-list\">\n<li>S\u00e1nchez-Lafuente P\u00e9rez, Jorge, y Fernando A. Mu\u00f1oz Villarejo. \u00abNuevas<a rel=\"noreferrer noopener\" href=\"https:\/\/revistas.unav.edu\/index.php\/cuadernos-de-arqueologia\/article\/download\/44295\/37052\" data-type=\"URL\" data-id=\"https:\/\/revistas.unav.edu\/index.php\/cuadernos-de-arqueologia\/article\/download\/44295\/37052\" target=\"_blank\"> inscripciones de \u00e9poca romana procedentes de la Era del Moro (Le\u00f3n)<\/a>\u00bb. <em>Cuadernos de Arqueolog\u00eda de la Universidad de Navarra<\/em>.<\/li>\n<\/ul>\n\n\n\n<p>2021<\/p>\n\n\n\n<ul class=\"wp-block-list\">\n<li>Martino Garc\u00eda, David y Fernando A. Mu\u00f1oz Villarejo. \u00ab<a rel=\"noreferrer noopener\" href=\"https:\/\/www.researchgate.net\/publication\/353937109_Martino_Garcia_Munoz_VIllarejo_-_2021_-_Morir_en_Legio#fullTextFileContent\" target=\"_blank\">Morir en Legio<\/a>\u00bb SPAL Revista de Prehistoria y Arqueolog\u00eda de la Universidad de Sevilla XXXVII:333-345<\/li>\n<\/ul>\n\n\n\n<ul class=\"wp-block-list\">\n<li>S\u00e1nchez-Lafuente P\u00e9rez, Jorge, y Fernando A. Mu\u00f1oz Villarejo. \u00ab<a rel=\"noreferrer noopener\" href=\"https:\/\/www.researchgate.net\/publication\/352197139_G_AQVILIVS_VERVSUN_EVOCATVS_DE_LEGIO_VII_GEMINA\" data-type=\"URL\" data-id=\"https:\/\/www.researchgate.net\/publication\/352197139_G_AQVILIVS_VERVSUN_EVOCATVS_DE_LEGIO_VII_GEMINA\" target=\"_blank\"> G. Aqvilivs Vervs. Un evacatvs de Legio VII Gemina<\/a>\u00bb Conimbriga Revista de Arqueologia 214:3-16<\/li>\n<\/ul>\n\n\n\n<p>2020<\/p>\n\n\n\n<ul class=\"wp-block-list\">\n<li>Marcos Herr\u00e1n, Francisco Javier, y Fernando A. Mu\u00f1oz Villarejo. \u00ab<a href=\"http:\/\/oppidum.es\/oppidum-16\/opp16.13_filatelia.y.producciones.de.vidrio.pdf\" data-type=\"URL\" data-id=\"http:\/\/oppidum.es\/oppidum-16\/opp16.13_filatelia.y.producciones.de.vidrio.pdf\" target=\"_blank\" rel=\"noreferrer noopener\">Filatelia y producciones de vidrio. Una historia de la vajilla de mesa romana en sellos<\/a>\u00bb Oppidum Cuadernos de Investigaci\u00f3n 16: 295-312 IE Universidad, Segovia<\/li>\n\n\n\n<li>Mart\u00edn Hern\u00e1ndez, E., Mart\u00ednez Velasco, A., D\u00edaz Alonso, D., Mu\u00f1oz Villarejo, F. A., y B\u00e9cares Rodr\u00edguez, L. (2020). <a rel=\"noreferrer noopener\" href=\"https:\/\/www.researchgate.net\/profile\/Fernando-Munoz-Villarejo\/publication\/348871816_Castrametacion_romana_en_la_Meseta_Norte_hispana_nuevas_evidencias_de_recintos_militares_en_la_vertiente_meridional_de_la_cordillera_Cantabrica_provincias_de_Burgos_y_Palencia\/links\/60148ed2a6fdcc071ba12b67\/Castrametacion-romana-en-la-Meseta-Norte-hispana-nuevas-evidencias-de-recintos-militares-en-la-vertiente-meridional-de-la-cordillera-Cantabrica-provincias-de-Burgos-y-Palencia.pdf\" data-type=\"URL\" data-id=\"https:\/\/www.researchgate.net\/profile\/Fernando-Munoz-Villarejo\/publication\/348871816_Castrametacion_romana_en_la_Meseta_Norte_hispana_nuevas_evidencias_de_recintos_militares_en_la_vertiente_meridional_de_la_cordillera_Cantabrica_provincias_de_Burgos_y_Palencia\/links\/60148ed2a6fdcc071ba12b67\/Castrametacion-romana-en-la-Meseta-Norte-hispana-nuevas-evidencias-de-recintos-militares-en-la-vertiente-meridional-de-la-cordillera-Cantabrica-provincias-de-Burgos-y-Palencia.pdf\" target=\"_blank\">Castrametaci\u00f3n romana en la Meseta Norte hispana. Nuevas evidencias de recintos militares en la vertiente meridional de la cordillera Cant\u00e1brica (provincias de Burgos y Palencia)<\/a>. <em>Zephyrus: Revista de prehistoria y arqueolog\u00eda, 86<\/em>.<\/li>\n<\/ul>\n\n\n\n<p>2019<\/p>\n\n\n\n<ul class=\"wp-block-list\">\n<li>Martino Garc\u00eda, David, y Fernando A. Mu\u00f1oz Villarejo. \u00ab<a rel=\"noreferrer noopener\" href=\"https:\/\/www.academia.edu\/38282004\/2019_Morir_en_Legio_Notas_de_arqueolog%C3%ADa_y_epigraf%C3%ADa_sobre_las_costumbres_funerarias_del_campamento_de_Legio_VII_gemina_y_su_cannaba\" data-type=\"URL\" data-id=\"https:\/\/www.academia.edu\/38282004\/2019_Morir_en_Legio_Notas_de_arqueolog%C3%ADa_y_epigraf%C3%ADa_sobre_las_costumbres_funerarias_del_campamento_de_Legio_VII_gemina_y_su_cannaba\" target=\"_blank\">Morir en Legio. Notas de arqueolog\u00eda y epigraf\u00eda sobre las costumbres funerarias del campamento de Legio VII gemina y su cannaba<\/a>\u00bb Congreso Internacional \u00abRituales, costumbres funerarias y pr\u00e1cticas m\u00e1gicas en Hispania. A prop\u00f3sito del sepulcretum de Llanos del Pretorio\u00bb, Universidad de C\u00f3rdoba. 31 de enero, 2019<\/li>\n\n\n\n<li>Jos\u00e9 Avelino Guti\u00e9rrez Gonz\u00e1lez, Otilia Requejo Pag\u00e9s, Rogelio Estrada Garc\u00eda, Fernando Mu\u00f1oz Villarejo, Carmen Ben\u00e9itez Gonz\u00e1lez, Carlos Fern\u00e1ndez Rodr\u00edguez. \u00abHogares singulares en el norte peninsular medieval.\u00bb Actas del IV Congreso de Arqueolog\u00eda Medieval: 77-82<\/li>\n<\/ul>\n\n\n\n<p>2018<\/p>\n\n\n\n<ul class=\"wp-block-list\">\n<li>Gonz\u00e1lez G\u00f3mez de Ag\u00fcero, Eduardo, V\u00edctor Bejega Garc\u00eda, y Fernando A. Mu\u00f1oz Villarejo.  \u00abLas excavaciones de la Pe\u00f1a del Castro (La Ercina, Le\u00f3n). Campa\u00f1as de 2015 a 2017\u00bb. Fervedes 9: 97-106<\/li>\n<\/ul>\n\n\n\n<p>2016<\/p>\n\n\n\n<ul class=\"wp-block-list\">\n<li>Candelas Gonz\u00e1lez, Nieves, \u00c1lvaro N\u00fa\u00f1ez Cantalapiedra, Josefina Rasc\u00f3n P\u00e9rez, Oscar Cambra Moo, Fernando A. Mu\u00f1oz Villarejo, Emilio Campomanes Alvaredo, Jos\u00e9 Avelino Guti\u00e9rrez Gonz\u00e1lez, y Armando Gonz\u00e1lez Mart\u00edn. \u00ab<a rel=\"noreferrer noopener\" href=\"https:\/\/dialnet.unirioja.es\/servlet\/articulo?codigo=5852555&amp;orden=0&amp;info=link\" data-type=\"URL\" data-id=\"https:\/\/dialnet.unirioja.es\/servlet\/articulo?codigo=5852555&amp;orden=0&amp;info=link\" target=\"_blank\">Caracter\u00edsticas paleodemogr\u00e1ficas de la poblaci\u00f3n recuperada del cementerio de Marialba de la Ribera (Villaturiel, Le\u00f3n, Espa\u00f1a)(S. IV-XIII)<\/a>\u00bb. Munibe Antropolog\u00eda-Arkeologia. <\/li>\n\n\n\n<li>Gonz\u00e1lez G\u00f3mez de Ag\u00fcero, Eduardo, Fernando A. Mu\u00f1oz Villarejo, y V\u00edctor Bejega Garc\u00eda. \u00ab<a href=\"https:\/\/nailos.org\/index.php\/nailos\/article\/view\/18\/24\" data-type=\"URL\" data-id=\"https:\/\/nailos.org\/index.php\/nailos\/article\/view\/18\/24\" target=\"_blank\" rel=\"noreferrer noopener\">Las actividades productivas durante la Edad del Hierro en la Pe\u00f1a del Castro (La Ercina, Le\u00f3n): los restos met\u00e1licos<\/a>\u00bb. Nailos 3: 17-44<\/li>\n<\/ul>\n\n\n\n<p>2015<\/p>\n\n\n\n<ul class=\"wp-block-list\">\n<li>Campomanes Alvaredo, Emilioo, Fernando A. Mu\u00f1oz Villarejo. \u00ab<a href=\"https:\/\/www.academia.edu\/13000050\/El_entorno_de_Asturica_Augusta_desde_la_protohistoria_hasta_la_romanizaci%C3%B3n\" data-type=\"URL\" data-id=\"https:\/\/www.academia.edu\/13000050\/El_entorno_de_Asturica_Augusta_desde_la_protohistoria_hasta_la_romanizaci%C3%B3n\" target=\"_blank\" rel=\"noreferrer noopener\">Aproximaci\u00f3n al territorio del campamento de la Legio VII Gemina (Le\u00f3n, Espa\u00f1a)<\/a>\u00bb. Evoluci\u00f3n de los espacios urbanos y sus territorios en el Noroeste de la Pen\u00ednsula Ib\u00e9rica, 17-38<\/li>\n\n\n\n<li>Celis S\u00e1nchez, Jes\u00fas, y Fernando A. Mu\u00f1oz Villarejo. \u00ab<a href=\"https:\/\/www.academia.edu\/17172304\/Veinte_a%C3%B1os_en_la_investigaci%C3%B3n_de_la_Edad_del_Hierro_en_las_Tierras_de_Le%C3%B3n\" data-type=\"URL\" data-id=\"https:\/\/www.academia.edu\/17172304\/Veinte_a%C3%B1os_en_la_investigaci%C3%B3n_de_la_Edad_del_Hierro_en_las_Tierras_de_Le%C3%B3n\" target=\"_blank\" rel=\"noreferrer noopener\">Veinte a\u00f1os en la investigaci\u00f3n del Hierro en las Tierras de Le\u00f3n<\/a>\u00bb. En Arqueoleon II. Historia de Le\u00f3n a trav\u00e9s de la Arqueolog\u00eda, editado por Luis A. Grau Lobo, 43-65. Museo de Le\u00f3n, Junta de Castilla y Le\u00f3n &#8211; Instituto Leon\u00e9s de Cultura, Diputaci\u00f3n de Le\u00f3n<\/li>\n\n\n\n<li>Gonz\u00e1lez G\u00f3mez de Ag\u00fcero, Eduardo, V\u00edctor Bejega Garc\u00eda, y Fernando A. Mu\u00f1oz Villarejo. \u00abEl poblamiento castre\u00f1o en la monta\u00f1a leonesa: el caso de la Pe\u00f1a del Castro (La Ercina, Le\u00f3n)\u00bb. Congreso Internacional de Arqueolox\u00eda de Vilalba, 191-200<\/li>\n\n\n\n<li>Miguel Hern\u00e1ndez, Fernando y Fernando A. Mu\u00f1oz Villarejo. \u00abLa captaci\u00f3n, distribuci\u00f3n y uso del agua en los monasterios cistercienses del Reino de Le\u00f3n. Aproximaci\u00f3n a su estudio\u00bb. El ritmo cotidiano de la vida en el monasterio medieval\/coord. por Jos\u00e9 \u00c1ngel Garc\u00eda de Cort\u00e1zar, Ram\u00f3n Teja, 2015, ISBN 978-84-15072-81-2, p\u00e1gs. 193-243<\/li>\n\n\n\n<li>Mu\u00f1oz Villarejo, Fernando A., Victor Bejega Garc\u00eda, Eduardo Gonz\u00e1lez G\u00f3mez de Ag\u00fcero, Emilio Campomanes Alvaredo. \u00ab<a href=\"https:\/\/d1wqtxts1xzle7.cloudfront.net\/39032669\/Munoz_VIllarejo_et_al_-_2015_-_Avance_de_Resultados_de_la_PrimeraIntervencion_Arqueologica_en_La_Pena_del_Castro-libre.pdf?1444171881=&amp;response-content-disposition=inline%3B+filename%3DAvance_de_Resultados_de_la_Primera_Inter.pdf&amp;Expires=1682061073&amp;Signature=KjQzhf4S7Km3hAHwnlye6wdMN1MtLsXYIyEFhR1vGW2TugdiGUEC72vqIPFz3Z74rXC0wu5EkDla4hpt-bIZVrOpt7quTObvu2MO7Ce6Pmx-fsbdvcyeqUjVpvYf8zE6OdwbyL08Rk756dS6xWNDj2S5D3~B4akOKyG2-XUSPasAACsIwhGD02EP3c42MGA3Gxn01RriLkDzaaCMIG0YJSMdO5BWyqRVFHbQTH~eIxd2PAdi0HlAeXfg836ry~PU-I9lS9AscBol2RtVk3fz~Uz6IJYceto4pSgQN1Cvw4Xu9Tf43SufKZCmDLMovtcYhexmDeHAXch1pTAE0HJKtA__&amp;Key-Pair-Id=APKAJLOHF5GGSLRBV4ZA\" data-type=\"URL\" data-id=\"https:\/\/d1wqtxts1xzle7.cloudfront.net\/39032669\/Munoz_VIllarejo_et_al_-_2015_-_Avance_de_Resultados_de_la_PrimeraIntervencion_Arqueologica_en_La_Pena_del_Castro-libre.pdf?1444171881=&amp;response-content-disposition=inline%3B+filename%3DAvance_de_Resultados_de_la_Primera_Inter.pdf&amp;Expires=1682061073&amp;Signature=KjQzhf4S7Km3hAHwnlye6wdMN1MtLsXYIyEFhR1vGW2TugdiGUEC72vqIPFz3Z74rXC0wu5EkDla4hpt-bIZVrOpt7quTObvu2MO7Ce6Pmx-fsbdvcyeqUjVpvYf8zE6OdwbyL08Rk756dS6xWNDj2S5D3~B4akOKyG2-XUSPasAACsIwhGD02EP3c42MGA3Gxn01RriLkDzaaCMIG0YJSMdO5BWyqRVFHbQTH~eIxd2PAdi0HlAeXfg836ry~PU-I9lS9AscBol2RtVk3fz~Uz6IJYceto4pSgQN1Cvw4Xu9Tf43SufKZCmDLMovtcYhexmDeHAXch1pTAE0HJKtA__&amp;Key-Pair-Id=APKAJLOHF5GGSLRBV4ZA\" target=\"_blank\" rel=\"noreferrer noopener\">Avance de Resultados de la Primera Intervenci\u00f3n Arqueol\u00f3gica en La Pe\u00f1a del Castro (La Ercina, Le\u00f3n)<\/a>\u00bb. Actas del Congreso Internacional de Fortificaciones en la Edad del Hierro. Control de los recursos y el territorio, 81-90<\/li>\n\n\n\n<li>Mu\u00f1oz Villarejo, Fernando A., Emilio Campomanes Alvaredo, Jes\u00fas Celis S\u00e1nchez, y Ma \u00c1ngeles Sevillano Fuertes. \u00ab<a href=\"https:\/\/www.academia.edu\/13000050\/El_entorno_de_Asturica_Augusta_desde_la_protohistoria_hasta_la_romanizaci%C3%B3n\" data-type=\"URL\" data-id=\"https:\/\/www.academia.edu\/13000050\/El_entorno_de_Asturica_Augusta_desde_la_protohistoria_hasta_la_romanizaci%C3%B3n\" target=\"_blank\" rel=\"noreferrer noopener\">El entorno de Asturica Augusta desde la protohistoria hasta la romanizaci\u00f3n\u00bb<\/a>. Evoluci\u00f3n de los espacios urbanos y sus territorios en el Noroeste de la Pen\u00ednsula Ib\u00e9rica, 39-61<\/li>\n\n\n\n<li>P\u00e9rez Gonz\u00e1lez, Elena, Fernando A. Mu\u00f1oz Villarejo \u00ab<a href=\"https:\/\/www.researchgate.net\/profile\/Elena-Maria-Gonzalez-2\/publication\/280314074_Nuevos_escenarios_para_las_empresas_de_arqueologia_Innovacion_o_consecuencia_ante_la_crisis\/links\/55dc54b508aeb38e8a8c6d10\/Nuevos-escenarios-para-las-empresas-de-arqueologia-Innovacion-o-consecuencia-ante-la-crisis.pdf\" data-type=\"URL\" data-id=\"https:\/\/www.researchgate.net\/profile\/Elena-Maria-Gonzalez-2\/publication\/280314074_Nuevos_escenarios_para_las_empresas_de_arqueologia_Innovacion_o_consecuencia_ante_la_crisis\/links\/55dc54b508aeb38e8a8c6d10\/Nuevos-escenarios-para-las-empresas-de-arqueologia-Innovacion-o-consecuencia-ante-la-crisis.pdf\" target=\"_blank\" rel=\"noreferrer noopener\">Nuevos escenarios para las empresas de arqueolog\u00eda. \u00bfInnovaci\u00f3n o consecuencia ante la crisis?<\/a>\u00bb<\/li>\n<\/ul>\n\n\n\n<p>2014<\/p>\n\n\n\n<ul class=\"wp-block-list\">\n<li>Bejega Garc\u00eda, V\u00edctor, Eduardo Gonz\u00e1lez G\u00f3mez de Ag\u00fcero, Emilio Campomanes Alvaredo, Felipe San Rom\u00e1n Fern\u00e1ndez, y Fernando A. Mu\u00f1oz Villarejo. \u00ab<a href=\"https:\/\/www.raco.cat\/index.php\/Pyrenae\/article\/download\/279152\/366881\" data-type=\"URL\" data-id=\"https:\/\/www.raco.cat\/index.php\/Pyrenae\/article\/download\/279152\/366881\" target=\"_blank\" rel=\"noreferrer noopener\">Consumo de moluscos en la cannaba de Ad Legionem VII Geminam (Puente Castro, Le\u00f3n)<\/a>\u00bb. Pyrenae: revista de prehist\u00f2ria i antiguitat de la Mediterr\u00e0nia Occidental 45 (1): 111-23<\/li>\n\n\n\n<li>Bejega Garc\u00eda, V\u00edctor, Eduardo Gonz\u00e1lez G\u00f3mez de Ag\u00fcero, Emilio Campomanes Alvaredo, Felipe San Rom\u00e1n Fern\u00e1ndez, Fernando A Mu\u00f1oz Villarejo. \u00ab<a href=\"https:\/\/dialnet.unirioja.es\/descarga\/articulo\/5047149.pdf\" data-type=\"URL\" data-id=\"https:\/\/dialnet.unirioja.es\/descarga\/articulo\/5047149.pdf\" target=\"_blank\" rel=\"noreferrer noopener\">An\u00e1lisis Arqueomalacol\u00f3gico de la cannaba de Ad Legionem VII Geminam (Puente Castro, Le\u00f3n): Primeros resultados<\/a>\u00bb. Investigaciones Arqueol\u00f3gicas en el valle del Duero. 333-346<\/li>\n<\/ul>\n\n\n\n<p>2013<\/p>\n\n\n\n<ul class=\"wp-block-list\">\n<li>Garc\u00eda Marcos, Victorino, y Fernando A. Mu\u00f1oz Villarejo. \u00ab<a href=\"https:\/\/www.academia.edu\/17172304\/Veinte_a%C3%B1os_en_la_investigaci%C3%B3n_de_la_Edad_del_Hierro_en_las_Tierras_de_Le%C3%B3n\" data-type=\"URL\" data-id=\"https:\/\/www.academia.edu\/17172304\/Veinte_a%C3%B1os_en_la_investigaci%C3%B3n_de_la_Edad_del_Hierro_en_las_Tierras_de_Le%C3%B3n\" target=\"_blank\" rel=\"noreferrer noopener\">Legio (Le\u00f3n)<\/a>\u00bb. En Las cloacas de Caesaraugusta, editado por Francisco de Asis Escudero Escudero y Pilar Galve Izquierdo, 387-89. Zaragoza: Instituci\u00f3n Fernando el Cat\u00f3lico<\/li>\n\n\n\n<li>Guti\u00e9rrez Gonz\u00e1lez, Jos\u00e9 Avelino, Fernando Miguel Hern\u00e1ndez, Emilio Campomanes Alvaredo, Fernando A. Mu\u00f1oz Villarejo, y Victorino Garc\u00eda Marcos. \u00ab<a href=\"https:\/\/www.academia.edu\/13000050\/El_entorno_de_Asturica_Augusta_desde_la_protohistoria_hasta_la_romanizaci%C3%B3n\" data-type=\"URL\" data-id=\"https:\/\/www.academia.edu\/13000050\/El_entorno_de_Asturica_Augusta_desde_la_protohistoria_hasta_la_romanizaci%C3%B3n\" target=\"_blank\" rel=\"noreferrer noopener\">Revisi\u00f3n arqueol\u00f3gica de las murallas de Le\u00f3n (Espa\u00f1a)<\/a>\u00bb. En Fortifica\u00e7\u00f5es e territ\u00f3rio na Pen\u00ednsula Ib\u00e9rica e no Magreb (s\u00e9culos VI a XVI), 1:313-28<\/li>\n<\/ul>\n\n\n\n<p>2010<\/p>\n\n\n\n<ul class=\"wp-block-list\">\n<li>Guti\u00e9rrez Gonz\u00e1lez, Jos\u00e9 Avelino, Emilio Campomanes Alvaredo, Fernando Miguel Hern\u00e1ndez, Carmen Ben\u00e9itez Gonz\u00e1lez, Pilar Mart\u00edn del Otero, Fernando A. Mu\u00f1oz Villarejo, y Felipe San Rom\u00e1n Fern\u00e1ndez. \u00ab<a href=\"https:\/\/www.academia.edu\/download\/34288181\/64690443-Gutierrez-et-al-Legio-Leon-En-epoca-visgoda-la-ciudad-y-su-territorio.pdf\" data-type=\"URL\" data-id=\"https:\/\/www.academia.edu\/download\/34288181\/64690443-Gutierrez-et-al-Legio-Leon-En-epoca-visgoda-la-ciudad-y-su-territorio.pdf\" target=\"_blank\" rel=\"noreferrer noopener\">Legio (Le\u00f3n) en \u00e9poca visigoda la ciudad y su territorio<\/a>\u00bb. Editado por Alfonso Garcia. Espacios urbanos en el occidente mediterr\u00e1neo (s. VI-VIII), 131-36<\/li>\n<\/ul>\n\n\n\n<p>2009<\/p>\n\n\n\n<ul class=\"wp-block-list\">\n<li>Novo, Alexandre, Roger Sala, Ekhine Garc\u00eda, Robert Tamba, Fernando Mu\u00f1oz, Mercedes Solla, y Henrique Lorenzo. \u00ab<a href=\"https:\/\/www.academia.edu\/30774318\/From_Celtiberians_to_Romans_Combined_geophysical_3D_GPR_and_fluxgate_gradiometer_prospection_for_the_archaeological_characterization_of_Castro_de_la_Magdalena_Le%C3%B3n_Spain_\" data-type=\"URL\" data-id=\"https:\/\/www.academia.edu\/30774318\/From_Celtiberians_to_Romans_Combined_geophysical_3D_GPR_and_fluxgate_gradiometer_prospection_for_the_archaeological_characterization_of_Castro_de_la_Magdalena_Le%C3%B3n_Spain_\" target=\"_blank\" rel=\"noreferrer noopener\">From Celtiberians to Romans: Combined geophysical (3D GPR and fluxgate gradiometer) prospection for the archaeological characterization of Castro de la Magdalena (Le\u00f3n, Spain)<\/a>\u00bb. Arch\u00e9oSciences, n.o 33 (suppl.) (octubre): 121-24.<\/li>\n<\/ul>\n\n\n\n<p>2006<\/p>\n\n\n\n<ul class=\"wp-block-list\">\n<li>San Rom\u00e1n Fern\u00e1ndez, Felipe, Pilar Mart\u00edn Otero, Emilio Campomanes Alvaredo, y Fernando A. Mu\u00f1oz Villarejo. \u00ab<a href=\"https:\/\/www.academia.edu\/30944526\/NOVEDADES_EN_EL_CAMPAMENTO_DE_LA_LEGIO_VII_GEMINA\" data-type=\"URL\" data-id=\"https:\/\/www.academia.edu\/30944526\/NOVEDADES_EN_EL_CAMPAMENTO_DE_LA_LEGIO_VII_GEMINA\" target=\"_blank\" rel=\"noreferrer noopener\">Novedades en el campamento de la \u201cLegio VII Gemina<\/a>\u201d\u00bb. En Arqueolog\u00eda militar romana en Hispania II\u202f: producci\u00f3n y abastecimiento en el \u00e1mbito militar, 2006, ISBN 84-9773-282-0, p\u00e1gs. 733-745, 733-45. Servicio de Publicaciones, Ayuntamiento de Le\u00f3n.<\/li>\n<\/ul>\n\n\n\n<p>2004<\/p>\n\n\n\n<ul class=\"wp-block-list\">\n<li>Campomanes Alvaredo, Emilio, Fernando A. Mu\u00f1oz Villarejo, y Milagros Bur\u00f3n \u00c1lvarez. \u00ab<a href=\"https:\/\/www.academia.edu\/35970962\/Los_restos_arqueol%C3%B3gicos_de_la_puerta_romana_Astorga_Le%C3%B3n_se%C3%B1alizaci%C3%B3n_y_montaje_did%C3%A1ctico\" data-type=\"URL\" data-id=\"https:\/\/www.academia.edu\/35970962\/Los_restos_arqueol%C3%B3gicos_de_la_puerta_romana_Astorga_Le%C3%B3n_se%C3%B1alizaci%C3%B3n_y_montaje_did%C3%A1ctico\" target=\"_blank\" rel=\"noreferrer noopener\">Los restos arqueol\u00f3gicos de la puerta romana (Astorga, Le\u00f3n): se\u00f1alizaci\u00f3n y montaje did\u00e1ctico<\/a>\u00bb. En Puesta en valor del patrimonio arqueol\u00f3gico en Castilla y Le\u00f3n, 107-14. Consejer\u00eda de Educaci\u00f3n y Cultura.<\/li>\n<\/ul>\n\n\n\n<p>2003<\/p>\n\n\n\n<ul class=\"wp-block-list\">\n<li>Mu\u00f1oz Villarejo, Fernando A., y Emilio Campomanes Alvaredo. \u00ab<a rel=\"noreferrer noopener\" href=\"https:\/\/www.academia.edu\/1371865\/Documentaci%C3%B3n_del_%C3%A1rea_de_protecci%C3%B3n_del_yacimiento_de_Castro_Ventosa\" data-type=\"URL\" data-id=\"https:\/\/www.academia.edu\/1371865\/Documentaci%C3%B3n_del_%C3%A1rea_de_protecci%C3%B3n_del_yacimiento_de_Castro_Ventosa\" target=\"_blank\">Documentaci\u00f3n del \u00e1rea de protecci\u00f3n del yacimiento de Castro <\/a><a href=\"https:\/\/www.academia.edu\/1371865\/Documentaci%C3%B3n_del_%C3%A1rea_de_protecci%C3%B3n_del_yacimiento_de_Castro_Ventosa\" data-type=\"URL\" data-id=\"https:\/\/www.academia.edu\/1371865\/Documentaci%C3%B3n_del_%C3%A1rea_de_protecci%C3%B3n_del_yacimiento_de_Castro_Ventosa\" target=\"_blank\" rel=\"noreferrer noopener\">V<\/a><a rel=\"noreferrer noopener\" href=\"https:\/\/www.academia.edu\/1371865\/Documentaci%C3%B3n_del_%C3%A1rea_de_protecci%C3%B3n_del_yacimiento_de_Castro_Ventosa\" data-type=\"URL\" data-id=\"https:\/\/www.academia.edu\/1371865\/Documentaci%C3%B3n_del_%C3%A1rea_de_protecci%C3%B3n_del_yacimiento_de_Castro_Ventosa\" target=\"_blank\">entosa<\/a>\u00bb. En Actas de las Jornadas sobre Castroventosa, 165\u2013171. Museo de Cacabelos<\/li>\n<\/ul>\n\n\n\n<p>2002<\/p>\n\n\n\n<ul class=\"wp-block-list\">\n<li>Campomanes Alvaredo, Emilio, Fernando A. Mu\u00f1oz Villarejo, y Jos\u00e9 Carlos \u00c1lvarez Ord\u00e1s. \u00abOcupaciones militares anteriores a la llegada de la Legio VII Gemina a la ciudad de Le\u00f3n\u00bb. En Arqueolog\u00eda militar romana en Hispania, 2002, ISBN 84-86547-64-4, p\u00e1gs. 339-348, 339-48. Instituto Hist\u00f3rico Hoffmeyer, Polifemo.<\/li>\n\n\n\n<li>Mu\u00f1oz Villarejo, Fernando A., Emilio Campomanes Alvaredo, y Jos\u00e9 Carlos Alvarez Ord\u00e1s. \u00abEl periodo tardoantiguo en la ciudad de Le\u00f3n: reformas en algunas estructuras constructivas\u00bb. En Arqueolog\u00eda militar romana en Hispania, 2002, ISBN 84-86547-64-4, p\u00e1gs. 651-660, 651-60. Instituto Hist\u00f3rico Hoffmeyer, Polifemo.<\/li>\n<\/ul>\n\n\n\n<p>2001<\/p>\n\n\n\n<ul class=\"wp-block-list\">\n<li>Aurrecoechea-Fern\u00e1ndez, Joaqu\u00edn, y Fernando A. Mu\u00f1oz Villarejo. \u00abA Legionary Workshop of the 3rd Century AD Specialising in \u201cLoricae Segmentatae\u201d from the Roman Fortress in Le\u00f3n (Spain)\u00bb. Journal of Roman Military Equipment Studies, n.o 12: 15<\/li>\n\n\n\n<li>Mu\u00f1oz Villarejo, Fernando A. 2001. \u00ab<a href=\"https:\/\/www.academia.edu\/1371866\/Excavaci%C3%B3n_arqueol%C3%B3gica_en_la_Catedral_de_Astorga_y_la_iglesia_de_Santa_Marta\" data-type=\"URL\" data-id=\"https:\/\/www.academia.edu\/1371866\/Excavaci%C3%B3n_arqueol%C3%B3gica_en_la_Catedral_de_Astorga_y_la_iglesia_de_Santa_Marta\" target=\"_blank\" rel=\"noreferrer noopener\">Excavaci\u00f3n arqueol\u00f3gica en la Catedral de Astorga y la iglesia de Santa Marta<\/a>\u00bb. La Catedral de Astorga. Actas del Simposio. 327-342<\/li>\n<\/ul>\n\n\n\n<p>2000<\/p>\n\n\n\n<ul class=\"wp-block-list\">\n<li>Campomanes Alvaredo, Emilio,  Pablo Rodr\u00edguez Gonz\u00e1lez, Fernando A. Mu\u00f1oz Villarejo \u00ab<a href=\"https:\/\/www.academia.edu\/9569582\/Excavaciones_arqueol%C3%B3gicas_en_la_Plaza_Mayor_de_Le%C3%B3n\" data-type=\"URL\" data-id=\"https:\/\/www.academia.edu\/9569582\/Excavaciones_arqueol%C3%B3gicas_en_la_Plaza_Mayor_de_Le%C3%B3n\" target=\"_blank\" rel=\"noreferrer noopener\">Excavaciones arqueol\u00f3gicas en la Plaza Mayor de Le\u00f3n<\/a>\u00bb. ProMonumenta: revista de la Asociaci\u00f3n de Amigos del Patrimonio Cultural de Le\u00f3n 4:19-23<\/li>\n<\/ul>\n\n\n\n<p>1998<\/p>\n\n\n\n<ul class=\"wp-block-list\">\n<li>Mu\u00f1oz Villarejo, Fernando A., y Enrique Echevarr\u00eda Alonso-Cort\u00e9s. \u00abEl trabajo de cuentas de hueso en la ciudad de Le\u00f3n durante la Baja Edad Media\u00bb. Lancia: revista de prehistoria, arqueolog\u00eda e historia antigua del noroeste peninsular, n.o 3: 205-26<\/li>\n<\/ul>\n\n\n\n<p>1997<\/p>\n\n\n\n<ul class=\"wp-block-list\">\n<li>Mu\u00f1oz Villarejo, Fernando A. \u00abLa colecci\u00f3n de hachas pulimentadas del fondo antiguo del Museo de Le\u00f3n\u00bb. Lancia: revista de prehistoria, arqueolog\u00eda e historia antigua del noroeste peninsular 2: 237-53<\/li>\n<\/ul>\n","protected":false},"excerpt":{"rendered":"<p>A continuaci\u00f3n algunas publicaciones en las que he colaborado de una u otra forma. Tambi\u00e9n puedes consultar las publicaciones en academia.edu, en google acad\u00e9mico, en researchgate, o en dialnet: 2023 2022 2021 2020 2019 2018 2016 2015 2014 2013 2010 2009 2006 2004 2003 2002 2001 2000 1998 1997<\/p>\n","protected":false},"author":1,"featured_media":0,"parent":0,"menu_order":0,"comment_status":"closed","ping_status":"closed","template":"","meta":{"footnotes":""},"class_list":["post-43","page","type-page","status-publish","hentry"],"_links":{"self":[{"href":"https:\/\/old.miscelanea.es\/index.php\/wp-json\/wp\/v2\/pages\/43","targetHints":{"allow":["GET"]}}],"collection":[{"href":"https:\/\/old.miscelanea.es\/index.php\/wp-json\/wp\/v2\/pages"}],"about":[{"href":"https:\/\/old.miscelanea.es\/index.php\/wp-json\/wp\/v2\/types\/page"}],"author":[{"embeddable":true,"href":"https:\/\/old.miscelanea.es\/index.php\/wp-json\/wp\/v2\/users\/1"}],"replies":[{"embeddable":true,"href":"https:\/\/old.miscelanea.es\/index.php\/wp-json\/wp\/v2\/comments?post=43"}],"version-history":[{"count":12,"href":"https:\/\/old.miscelanea.es\/index.php\/wp-json\/wp\/v2\/pages\/43\/revisions"}],"predecessor-version":[{"id":100,"href":"https:\/\/old.miscelanea.es\/index.php\/wp-json\/wp\/v2\/pages\/43\/revisions\/100"}],"wp:attachment":[{"href":"https:\/\/old.miscelanea.es\/index.php\/wp-json\/wp\/v2\/media?parent=43"}],"curies":[{"name":"wp","href":"https:\/\/api.w.org\/{rel}","templated":true}]}}