{"id":26,"date":"2023-04-19T22:12:32","date_gmt":"2023-04-19T22:12:32","guid":{"rendered":"http:\/\/miscelanea.es\/?page_id=26"},"modified":"2023-05-20T21:28:11","modified_gmt":"2023-05-20T21:28:11","slug":"difusion-del-patrimonio","status":"publish","type":"page","link":"https:\/\/old.miscelanea.es\/index.php\/difusion-del-patrimonio\/","title":{"rendered":"Difusi\u00f3n del Patrimonio"},"content":{"rendered":"\n<p>Una de las responsabilidades que como profesional del patrimonio he adquirido durante estos a\u00f1os, ha sido la divulgaci\u00f3n del mismo. La conocida frase de que no se ama lo que no se conoce, es aplicable en este caso.<\/p>\n\n\n\n<p>Tanto en diferentes charlas, como en publicaciones en papel, en medio digital, o actualmente a trav\u00e9s de p\u00f3dcast, se hace necesario dar a conocer lo que significa el patrimonio arqueol\u00f3gico y tambi\u00e9n la profesi\u00f3n de arque\u00f3logo.<\/p>\n\n\n\n<!--more-->\n\n\n\n<figure class=\"wp-block-image size-large\"><a href=\"https:\/\/arqueologia.home.blog\/\" target=\"_blank\" rel=\"noreferrer noopener\"><img loading=\"lazy\" decoding=\"async\" width=\"1024\" height=\"466\" src=\"http:\/\/miscelanea.es\/wp-content\/uploads\/2023\/05\/Difusion-1024x466.png\" alt=\"\" class=\"wp-image-73\" srcset=\"https:\/\/old.miscelanea.es\/wp-content\/uploads\/2023\/05\/Difusion-1024x466.png 1024w, https:\/\/old.miscelanea.es\/wp-content\/uploads\/2023\/05\/Difusion-300x137.png 300w, https:\/\/old.miscelanea.es\/wp-content\/uploads\/2023\/05\/Difusion-768x349.png 768w, https:\/\/old.miscelanea.es\/wp-content\/uploads\/2023\/05\/Difusion-1536x699.png 1536w, https:\/\/old.miscelanea.es\/wp-content\/uploads\/2023\/05\/Difusion.png 1912w\" sizes=\"auto, (max-width: 706px) 89vw, (max-width: 767px) 82vw, 740px\" \/><\/a><\/figure>\n\n\n\n<p><strong>Labores de difusi\u00f3n realizadas en los \u00faltimos a\u00f1os<\/strong><\/p>\n\n\n\n<ul class=\"wp-block-list\">\n<li>Desde el a\u00f1o 2008, llevo escribiendo en el blog \u00ab<a rel=\"noreferrer noopener\" href=\"https:\/\/arqueologia.home.blog\/\" data-type=\"URL\" data-id=\"https:\/\/arqueologia.home.blog\/\" target=\"_blank\">Arqueolog\u00eda y Software Libre<\/a>\u00bb diferentes entradas para mostrar c\u00f3mo se puede utilizar software libre en el trabajo diario de la arqueolog\u00eda.<\/li>\n\n\n\n<li>Ayuntamiento de Le\u00f3n. Proyecto divulgativo Le\u00f3n Romano para ni\u00f1os. Aprende a ser un ciudadano romano de Legio.<\/li>\n\n\n\n<li>Instituto Leon\u00e9s de Cultura. Talleres did\u00e1cticos de introducci\u00f3n a la arqueolog\u00eda<\/li>\n<\/ul>\n","protected":false},"excerpt":{"rendered":"<p>Una de las responsabilidades que como profesional del patrimonio he adquirido durante estos a\u00f1os, ha sido la divulgaci\u00f3n del mismo. La conocida frase de que no se ama lo que no se conoce, es aplicable en este caso. Tanto en diferentes charlas, como en publicaciones en papel, en medio digital, o actualmente a trav\u00e9s de &hellip; <\/p>\n<p class=\"link-more\"><a href=\"https:\/\/old.miscelanea.es\/index.php\/difusion-del-patrimonio\/\" class=\"more-link\">Continuar leyendo<span class=\"screen-reader-text\"> \u00abDifusi\u00f3n del Patrimonio\u00bb<\/span><\/a><\/p>\n","protected":false},"author":1,"featured_media":27,"parent":0,"menu_order":0,"comment_status":"closed","ping_status":"closed","template":"","meta":{"footnotes":""},"class_list":["post-26","page","type-page","status-publish","has-post-thumbnail","hentry"],"_links":{"self":[{"href":"https:\/\/old.miscelanea.es\/index.php\/wp-json\/wp\/v2\/pages\/26","targetHints":{"allow":["GET"]}}],"collection":[{"href":"https:\/\/old.miscelanea.es\/index.php\/wp-json\/wp\/v2\/pages"}],"about":[{"href":"https:\/\/old.miscelanea.es\/index.php\/wp-json\/wp\/v2\/types\/page"}],"author":[{"embeddable":true,"href":"https:\/\/old.miscelanea.es\/index.php\/wp-json\/wp\/v2\/users\/1"}],"replies":[{"embeddable":true,"href":"https:\/\/old.miscelanea.es\/index.php\/wp-json\/wp\/v2\/comments?post=26"}],"version-history":[{"count":7,"href":"https:\/\/old.miscelanea.es\/index.php\/wp-json\/wp\/v2\/pages\/26\/revisions"}],"predecessor-version":[{"id":95,"href":"https:\/\/old.miscelanea.es\/index.php\/wp-json\/wp\/v2\/pages\/26\/revisions\/95"}],"wp:featuredmedia":[{"embeddable":true,"href":"https:\/\/old.miscelanea.es\/index.php\/wp-json\/wp\/v2\/media\/27"}],"wp:attachment":[{"href":"https:\/\/old.miscelanea.es\/index.php\/wp-json\/wp\/v2\/media?parent=26"}],"curies":[{"name":"wp","href":"https:\/\/api.w.org\/{rel}","templated":true}]}}