{"id":23,"date":"2023-04-19T22:08:24","date_gmt":"2023-04-19T22:08:24","guid":{"rendered":"http:\/\/miscelanea.es\/?page_id=23"},"modified":"2023-05-20T20:51:41","modified_gmt":"2023-05-20T20:51:41","slug":"prospeccion-arqueologica","status":"publish","type":"page","link":"https:\/\/old.miscelanea.es\/index.php\/prospeccion-arqueologica\/","title":{"rendered":"Prospecci\u00f3n Arqueol\u00f3gica"},"content":{"rendered":"\n<p>Se trata del reconocimiento superficial del terreno, sin remoci\u00f3n del mismo.<\/p>\n\n\n\n<p>Para este trabajo se pueden utilizar diversas tecnolog\u00edas que va desde el mero reconocimiento superficial hasta la utilizaci\u00f3n de medios que nos indican lo que puede haber debajo del suelo como el georadar. En ocasiones la tecnolog\u00eda LiDAR tambi\u00e9n es de aplicaci\u00f3n en las prospecciones arqueol\u00f3gicas, especialmente en aquellos lugares donde la vegetaci\u00f3n impide la correcta visualizaci\u00f3n del terreno.<\/p>\n\n\n\n<!--more-->\n\n\n\n<p>Este tipo de trabajos est\u00e1 indicado para la realizaci\u00f3n de normas urban\u00edsticas, desarrollos de planes parciales o para instalaciones de nueva planta en terreno en los cuales se desconoce el impacto que puede tener sobre alg\u00fan bien patrimonial.<\/p>\n\n\n\n<figure class=\"wp-block-image size-large\"><img loading=\"lazy\" decoding=\"async\" width=\"1024\" height=\"768\" src=\"http:\/\/miscelanea.es\/wp-content\/uploads\/2023\/05\/Prospeccion-1024x768.jpg\" alt=\"\" class=\"wp-image-71\" srcset=\"https:\/\/old.miscelanea.es\/wp-content\/uploads\/2023\/05\/Prospeccion-1024x768.jpg 1024w, https:\/\/old.miscelanea.es\/wp-content\/uploads\/2023\/05\/Prospeccion-300x225.jpg 300w, https:\/\/old.miscelanea.es\/wp-content\/uploads\/2023\/05\/Prospeccion-768x576.jpg 768w, https:\/\/old.miscelanea.es\/wp-content\/uploads\/2023\/05\/Prospeccion.jpg 1300w\" sizes=\"auto, (max-width: 706px) 89vw, (max-width: 767px) 82vw, 740px\" \/><\/figure>\n\n\n\n<p><strong>Prospecciones arqueol\u00f3gicas realizadas en los \u00faltimos a\u00f1os<\/strong><\/p>\n\n\n\n<ul class=\"wp-block-list\">\n<li>Prospecci\u00f3n arqueol\u00f3gica para la modificaci\u00f3n del PGOU y plan parcial del \u00e1mbito del sector ULD 24-01 del PGOU de Le\u00f3n.<\/li>\n\n\n\n<li>Prospecci\u00f3n arqueol\u00f3gica para planta fotovoltaica y l\u00ednea de evacuaci\u00f3n. T.M. Villares de \u00d3rbigo y Hospital de \u00d3rbigo (Le\u00f3n)<\/li>\n<\/ul>\n","protected":false},"excerpt":{"rendered":"<p>Se trata del reconocimiento superficial del terreno, sin remoci\u00f3n del mismo. Para este trabajo se pueden utilizar diversas tecnolog\u00edas que va desde el mero reconocimiento superficial hasta la utilizaci\u00f3n de medios que nos indican lo que puede haber debajo del suelo como el georadar. En ocasiones la tecnolog\u00eda LiDAR tambi\u00e9n es de aplicaci\u00f3n en las &hellip; <\/p>\n<p class=\"link-more\"><a href=\"https:\/\/old.miscelanea.es\/index.php\/prospeccion-arqueologica\/\" class=\"more-link\">Continuar leyendo<span class=\"screen-reader-text\"> \u00abProspecci\u00f3n Arqueol\u00f3gica\u00bb<\/span><\/a><\/p>\n","protected":false},"author":1,"featured_media":24,"parent":0,"menu_order":0,"comment_status":"closed","ping_status":"closed","template":"","meta":{"footnotes":""},"class_list":["post-23","page","type-page","status-publish","has-post-thumbnail","hentry"],"_links":{"self":[{"href":"https:\/\/old.miscelanea.es\/index.php\/wp-json\/wp\/v2\/pages\/23","targetHints":{"allow":["GET"]}}],"collection":[{"href":"https:\/\/old.miscelanea.es\/index.php\/wp-json\/wp\/v2\/pages"}],"about":[{"href":"https:\/\/old.miscelanea.es\/index.php\/wp-json\/wp\/v2\/types\/page"}],"author":[{"embeddable":true,"href":"https:\/\/old.miscelanea.es\/index.php\/wp-json\/wp\/v2\/users\/1"}],"replies":[{"embeddable":true,"href":"https:\/\/old.miscelanea.es\/index.php\/wp-json\/wp\/v2\/comments?post=23"}],"version-history":[{"count":6,"href":"https:\/\/old.miscelanea.es\/index.php\/wp-json\/wp\/v2\/pages\/23\/revisions"}],"predecessor-version":[{"id":93,"href":"https:\/\/old.miscelanea.es\/index.php\/wp-json\/wp\/v2\/pages\/23\/revisions\/93"}],"wp:featuredmedia":[{"embeddable":true,"href":"https:\/\/old.miscelanea.es\/index.php\/wp-json\/wp\/v2\/media\/24"}],"wp:attachment":[{"href":"https:\/\/old.miscelanea.es\/index.php\/wp-json\/wp\/v2\/media?parent=23"}],"curies":[{"name":"wp","href":"https:\/\/api.w.org\/{rel}","templated":true}]}}