{"id":20,"date":"2023-04-19T21:56:06","date_gmt":"2023-04-19T21:56:06","guid":{"rendered":"http:\/\/miscelanea.es\/?page_id=20"},"modified":"2023-05-20T20:50:08","modified_gmt":"2023-05-20T20:50:08","slug":"arqueologia-de-la-arquitectura","status":"publish","type":"page","link":"https:\/\/old.miscelanea.es\/index.php\/arqueologia-de-la-arquitectura\/","title":{"rendered":"Arqueolog\u00eda de la arquitectura"},"content":{"rendered":"\n<p>El m\u00e9todo arqueol\u00f3gico permite el estudio de antiguos edificios para conocer cu\u00e1ndo fueron construidos, y c\u00f3mo han ido evolucionando marcando las diferentes fases desde sus inicios hasta la actualidad.<\/p>\n\n\n\n<p>Esto supone, en un primer momento, conocer las caracter\u00edsticas del propio edificio, su evoluci\u00f3n hist\u00f3rica y su construcci\u00f3n. Estos datos aportan valiosa informaci\u00f3n a la hora de redactar proyectos de restauraci\u00f3n y valorizaci\u00f3n.<\/p>\n\n\n\n<!--more-->\n\n\n\n<p>En un segundo momento, es decir, durante la ejecuci\u00f3n de dichos trabajos, el seguimiento de la obra, permite afinar los datos tomados inicialmente y permiten tomar decisiones puntuales ante elementos no vistos anteriormente.<\/p>\n\n\n\n<p>La s\u00edntesis de los trabajos de arqueolog\u00eda de la arquitectura, o de lo construido, da como resultado un entendimiento del conjunto edificado, conociendo sus fases, sus puestas en obra, los materiales utilizados y documentando tambi\u00e9n, como no puede ser de otro modo, los trabajos realizados.<\/p>\n\n\n\n<figure class=\"wp-block-image size-large\"><img loading=\"lazy\" decoding=\"async\" width=\"1024\" height=\"588\" src=\"http:\/\/miscelanea.es\/wp-content\/uploads\/2023\/05\/ArqArquitectura-1024x588.png\" alt=\"Castillo de Laguna de Negrillos\" class=\"wp-image-66\" srcset=\"https:\/\/old.miscelanea.es\/wp-content\/uploads\/2023\/05\/ArqArquitectura-1024x588.png 1024w, https:\/\/old.miscelanea.es\/wp-content\/uploads\/2023\/05\/ArqArquitectura-300x172.png 300w, https:\/\/old.miscelanea.es\/wp-content\/uploads\/2023\/05\/ArqArquitectura-768x441.png 768w, https:\/\/old.miscelanea.es\/wp-content\/uploads\/2023\/05\/ArqArquitectura.png 1373w\" sizes=\"auto, (max-width: 706px) 89vw, (max-width: 767px) 82vw, 740px\" \/><figcaption class=\"wp-element-caption\">Castillo de Laguna de Negrillos. <\/figcaption><\/figure>\n\n\n\n<p><strong>Estudios arqueol\u00f3gicos realizados en los \u00faltimos a\u00f1os<\/strong><\/p>\n\n\n\n<ul class=\"wp-block-list\">\n<li>Estudio de paramentos o estudio de arqueolog\u00eda muraria de la ermita de San Juan de Socueva (Arredondo).<\/li>\n\n\n\n<li>Lienzos de la muralla de la Era del Moro, Le\u00f3n.<\/li>\n\n\n\n<li>Estudio Hist\u00f3rico y arqueol\u00f3gico del castillo de Laguna de Negrillos (Le\u00f3n).<\/li>\n\n\n\n<li>Estudio sobre intervenciones arqueol\u00f3gicas para el Plan Director de las Murallas de Zamora.<\/li>\n\n\n\n<li>Intervenci\u00f3n arqueol\u00f3gica para el proyecto de recuperaci\u00f3n y consolidaci\u00f3n de la Muralla y las Cercas del Palacio de los Marqueses de Prado en Renedo de Valdetuejar (Valderrueda, Le\u00f3n).<\/li>\n\n\n\n<li>An\u00e1lisis hist\u00f3rico y arqueol\u00f3gico del edificio situado en la plaza de San Marcelo, n.\u00ba 9 \u2013 calle La R\u00faa, n.\u00ba 4. Le\u00f3n.<\/li>\n\n\n\n<li>Obras urgentes de restauraci\u00f3n en la muralla de Le\u00f3n: tramo Conde Rebolledo, \u00e1ngulo sur-oeste del recinto murado, cubo S-6 (Le\u00f3n).<\/li>\n<\/ul>\n","protected":false},"excerpt":{"rendered":"<p>El m\u00e9todo arqueol\u00f3gico permite el estudio de antiguos edificios para conocer cu\u00e1ndo fueron construidos, y c\u00f3mo han ido evolucionando marcando las diferentes fases desde sus inicios hasta la actualidad. Esto supone, en un primer momento, conocer las caracter\u00edsticas del propio edificio, su evoluci\u00f3n hist\u00f3rica y su construcci\u00f3n. Estos datos aportan valiosa informaci\u00f3n a la hora &hellip; <\/p>\n<p class=\"link-more\"><a href=\"https:\/\/old.miscelanea.es\/index.php\/arqueologia-de-la-arquitectura\/\" class=\"more-link\">Continuar leyendo<span class=\"screen-reader-text\"> \u00abArqueolog\u00eda de la arquitectura\u00bb<\/span><\/a><\/p>\n","protected":false},"author":1,"featured_media":22,"parent":0,"menu_order":0,"comment_status":"closed","ping_status":"closed","template":"","meta":{"footnotes":""},"class_list":["post-20","page","type-page","status-publish","has-post-thumbnail","hentry"],"_links":{"self":[{"href":"https:\/\/old.miscelanea.es\/index.php\/wp-json\/wp\/v2\/pages\/20","targetHints":{"allow":["GET"]}}],"collection":[{"href":"https:\/\/old.miscelanea.es\/index.php\/wp-json\/wp\/v2\/pages"}],"about":[{"href":"https:\/\/old.miscelanea.es\/index.php\/wp-json\/wp\/v2\/types\/page"}],"author":[{"embeddable":true,"href":"https:\/\/old.miscelanea.es\/index.php\/wp-json\/wp\/v2\/users\/1"}],"replies":[{"embeddable":true,"href":"https:\/\/old.miscelanea.es\/index.php\/wp-json\/wp\/v2\/comments?post=20"}],"version-history":[{"count":7,"href":"https:\/\/old.miscelanea.es\/index.php\/wp-json\/wp\/v2\/pages\/20\/revisions"}],"predecessor-version":[{"id":91,"href":"https:\/\/old.miscelanea.es\/index.php\/wp-json\/wp\/v2\/pages\/20\/revisions\/91"}],"wp:featuredmedia":[{"embeddable":true,"href":"https:\/\/old.miscelanea.es\/index.php\/wp-json\/wp\/v2\/media\/22"}],"wp:attachment":[{"href":"https:\/\/old.miscelanea.es\/index.php\/wp-json\/wp\/v2\/media?parent=20"}],"curies":[{"name":"wp","href":"https:\/\/api.w.org\/{rel}","templated":true}]}}