{"id":2,"date":"2023-01-25T12:32:10","date_gmt":"2023-01-25T12:32:10","guid":{"rendered":"http:\/\/miscelanea.es\/?page_id=2"},"modified":"2023-04-19T21:45:23","modified_gmt":"2023-04-19T21:45:23","slug":"sample-page","status":"publish","type":"page","link":"https:\/\/old.miscelanea.es\/","title":{"rendered":"Presentaci\u00f3n"},"content":{"rendered":"\n<p>Hola, mi nombre es Fernando Mu\u00f1oz Villarejo y en estas p\u00e1ginas que voy a mostrar mi faceta profesional y que he desarrollado en el \u00e1mbito del patrimonio. Desde 1997 como co-fundador de Talactor Arqueolog\u00eda y Patrimonio, he desarrollado trabajos para empresas, particulares y para la administraci\u00f3n p\u00fablica, en diferentes campos: excavaciones y prospecciones arqueol\u00f3gicas, estudios de edificios, exposiciones, talleres, SIG, 3D entre otras.<\/p>\n\n\n\n<p>Tras m\u00e1s de 20 a\u00f1os de experiencia, se han ido creando equipos multidisciplinares en funci\u00f3n de los trabajos a realizar. Esto es fundamental para el buen desarrollo de los proyectos, ya que al contar con profesionales capacitados en otras materias, refuerzan y valorizan la labor del campo de la conservaci\u00f3n, estudio y difusi\u00f3n del patrimonio hist\u00f3rico.<\/p>\n\n\n\n<p>De ah\u00ed la filosof\u00eda de Miscel\u00e1nea Patrimonio: unir diferentes profesionales en funci\u00f3n de las tareas a desarrollar<\/p>\n","protected":false},"excerpt":{"rendered":"<p>Hola, mi nombre es Fernando Mu\u00f1oz Villarejo y en estas p\u00e1ginas que voy a mostrar mi faceta profesional y que he desarrollado en el \u00e1mbito del patrimonio. Desde 1997 como co-fundador de Talactor Arqueolog\u00eda y Patrimonio, he desarrollado trabajos para empresas, particulares y para la administraci\u00f3n p\u00fablica, en diferentes campos: excavaciones y prospecciones arqueol\u00f3gicas, estudios &hellip; <\/p>\n<p class=\"link-more\"><a href=\"https:\/\/old.miscelanea.es\/\" class=\"more-link\">Continuar leyendo<span class=\"screen-reader-text\"> \u00abPresentaci\u00f3n\u00bb<\/span><\/a><\/p>\n","protected":false},"author":1,"featured_media":0,"parent":0,"menu_order":0,"comment_status":"closed","ping_status":"open","template":"","meta":{"footnotes":""},"class_list":["post-2","page","type-page","status-publish","hentry"],"_links":{"self":[{"href":"https:\/\/old.miscelanea.es\/index.php\/wp-json\/wp\/v2\/pages\/2","targetHints":{"allow":["GET"]}}],"collection":[{"href":"https:\/\/old.miscelanea.es\/index.php\/wp-json\/wp\/v2\/pages"}],"about":[{"href":"https:\/\/old.miscelanea.es\/index.php\/wp-json\/wp\/v2\/types\/page"}],"author":[{"embeddable":true,"href":"https:\/\/old.miscelanea.es\/index.php\/wp-json\/wp\/v2\/users\/1"}],"replies":[{"embeddable":true,"href":"https:\/\/old.miscelanea.es\/index.php\/wp-json\/wp\/v2\/comments?post=2"}],"version-history":[{"count":1,"href":"https:\/\/old.miscelanea.es\/index.php\/wp-json\/wp\/v2\/pages\/2\/revisions"}],"predecessor-version":[{"id":14,"href":"https:\/\/old.miscelanea.es\/index.php\/wp-json\/wp\/v2\/pages\/2\/revisions\/14"}],"wp:attachment":[{"href":"https:\/\/old.miscelanea.es\/index.php\/wp-json\/wp\/v2\/media?parent=2"}],"curies":[{"name":"wp","href":"https:\/\/api.w.org\/{rel}","templated":true}]}}