{"id":15,"date":"2023-04-19T21:51:54","date_gmt":"2023-04-19T21:51:54","guid":{"rendered":"http:\/\/miscelanea.es\/?page_id=15"},"modified":"2023-05-20T20:49:09","modified_gmt":"2023-05-20T20:49:09","slug":"arqueologia-urbana","status":"publish","type":"page","link":"https:\/\/old.miscelanea.es\/index.php\/arqueologia-urbana\/","title":{"rendered":"Arqueolog\u00eda Urbana"},"content":{"rendered":"\n<p>La excavaci\u00f3n arqueol\u00f3gica es, posiblemente, la actividad m\u00e1s conocida del trabajo del arque\u00f3logo. Son excavaciones arqueol\u00f3gicas las remociones en la superficie, en el subsuelo, que se realicen con el fin de descubrir e investigar toda clase de restos hist\u00f3ricos o paleontol\u00f3gicos, as\u00ed como los componentes geol\u00f3gicos con ellos relacionados.<\/p>\n\n\n\n<p>Este tipo de trabajo se realiza ante la posibilidad de aparici\u00f3n de restos arqueol\u00f3gicos en el subsuelo, pero tambi\u00e9n como trabajo complementario a la restauraci\u00f3n de edificios.<\/p>\n\n\n\n<!--more-->\n\n\n\n<p>Muchas de las localidades actuales tienen su origen cientos o miles a\u00f1os atr\u00e1s. La adecuada documentaci\u00f3n de ese pasado forma parte del patrimonio del conjunto de las personas que en la actualidad viven en el mismo lugar que lo hicieron antes que ellos.<\/p>\n\n\n\n<p>Este tipo de trabajo ha de ser realizado por personal cualificado, tal y como indican las diferentes normas sobre patrimonio.<\/p>\n\n\n\n<figure class=\"wp-block-image size-large\"><img loading=\"lazy\" decoding=\"async\" width=\"1024\" height=\"683\" src=\"http:\/\/miscelanea.es\/wp-content\/uploads\/2023\/05\/ArqUrbana2-1024x683.jpg\" alt=\"\" class=\"wp-image-76\" srcset=\"https:\/\/old.miscelanea.es\/wp-content\/uploads\/2023\/05\/ArqUrbana2-1024x683.jpg 1024w, https:\/\/old.miscelanea.es\/wp-content\/uploads\/2023\/05\/ArqUrbana2-300x200.jpg 300w, https:\/\/old.miscelanea.es\/wp-content\/uploads\/2023\/05\/ArqUrbana2-768x512.jpg 768w, https:\/\/old.miscelanea.es\/wp-content\/uploads\/2023\/05\/ArqUrbana2.jpg 1300w\" sizes=\"auto, (max-width: 706px) 89vw, (max-width: 767px) 82vw, 740px\" \/><figcaption class=\"wp-element-caption\">Excavaci\u00f3n arqueol\u00f3gica en medio urbano, recuperaci\u00f3n del cuello de una botella de la \u00e9poca romana<\/figcaption><\/figure>\n\n\n\n<p><strong>Excavaciones arqueol\u00f3gicas en los \u00faltimos a\u00f1os<\/strong><\/p>\n\n\n\n<ul class=\"wp-block-list\">\n<li>Excavaci\u00f3n arqueol\u00f3gica en los solares n.\u00ba 16, 18 y 20 de la calle La R\u00faa y n.\u00ba 17 de la plaza de San Marcelo, Le\u00f3n.<\/li>\n\n\n\n<li>Excavaci\u00f3n arqueol\u00f3gica en la calle Carreras, Le\u00f3n.<\/li>\n\n\n\n<li>Excavaci\u00f3n arqueol\u00f3gica en la Era del Moro, Le\u00f3n.<\/li>\n\n\n\n<li>Excavaci\u00f3n arqueol\u00f3gica en solar de la avenida Ram\u00f3n y Cajal, n.\u00ba 19, Le\u00f3n.<\/li>\n\n\n\n<li>Excavaci\u00f3n arqueol\u00f3gica en los solares n.\u00ba 7 y 9 de la rinconada de Conde Rebolledo, y n\u00ba 6 de la plaza Don Guti\u00e9rre, Le\u00f3n.<\/li>\n\n\n\n<li>Excavaci\u00f3n arqueol\u00f3gica para la instalaci\u00f3n de un ascensor en el Seminario Mayor de Le\u00f3n.<\/li>\n\n\n\n<li>Excavaci\u00f3n arqueol\u00f3gica en solar de la avenida Ram\u00f3n y Cajal, n.\u00ba 39, Le\u00f3n.<\/li>\n\n\n\n<li>Excavaci\u00f3n arqueol\u00f3gica en solar de la calle Panaderos, n.\u00ba 26, Le\u00f3n.<\/li>\n\n\n\n<li>Excavaci\u00f3n arqueol\u00f3gica en los solares n.\u00ba 8 y 10 de la calle Herreros, Le\u00f3n.<\/li>\n<\/ul>\n","protected":false},"excerpt":{"rendered":"<p>La excavaci\u00f3n arqueol\u00f3gica es, posiblemente, la actividad m\u00e1s conocida del trabajo del arque\u00f3logo. Son excavaciones arqueol\u00f3gicas las remociones en la superficie, en el subsuelo, que se realicen con el fin de descubrir e investigar toda clase de restos hist\u00f3ricos o paleontol\u00f3gicos, as\u00ed como los componentes geol\u00f3gicos con ellos relacionados. Este tipo de trabajo se realiza &hellip; <\/p>\n<p class=\"link-more\"><a href=\"https:\/\/old.miscelanea.es\/index.php\/arqueologia-urbana\/\" class=\"more-link\">Continuar leyendo<span class=\"screen-reader-text\"> \u00abArqueolog\u00eda Urbana\u00bb<\/span><\/a><\/p>\n","protected":false},"author":1,"featured_media":16,"parent":0,"menu_order":0,"comment_status":"closed","ping_status":"closed","template":"","meta":{"footnotes":""},"class_list":["post-15","page","type-page","status-publish","has-post-thumbnail","hentry"],"_links":{"self":[{"href":"https:\/\/old.miscelanea.es\/index.php\/wp-json\/wp\/v2\/pages\/15","targetHints":{"allow":["GET"]}}],"collection":[{"href":"https:\/\/old.miscelanea.es\/index.php\/wp-json\/wp\/v2\/pages"}],"about":[{"href":"https:\/\/old.miscelanea.es\/index.php\/wp-json\/wp\/v2\/types\/page"}],"author":[{"embeddable":true,"href":"https:\/\/old.miscelanea.es\/index.php\/wp-json\/wp\/v2\/users\/1"}],"replies":[{"embeddable":true,"href":"https:\/\/old.miscelanea.es\/index.php\/wp-json\/wp\/v2\/comments?post=15"}],"version-history":[{"count":4,"href":"https:\/\/old.miscelanea.es\/index.php\/wp-json\/wp\/v2\/pages\/15\/revisions"}],"predecessor-version":[{"id":90,"href":"https:\/\/old.miscelanea.es\/index.php\/wp-json\/wp\/v2\/pages\/15\/revisions\/90"}],"wp:featuredmedia":[{"embeddable":true,"href":"https:\/\/old.miscelanea.es\/index.php\/wp-json\/wp\/v2\/media\/16"}],"wp:attachment":[{"href":"https:\/\/old.miscelanea.es\/index.php\/wp-json\/wp\/v2\/media?parent=15"}],"curies":[{"name":"wp","href":"https:\/\/api.w.org\/{rel}","templated":true}]}}